{"id":9678,"date":"2024-07-10T18:17:44","date_gmt":"2024-07-10T18:17:44","guid":{"rendered":"http:\/\/peritostraductores.idiscit.com\/product\/acta-de-nacimiento\/"},"modified":"2026-04-17T09:40:48","modified_gmt":"2026-04-17T15:40:48","slug":"partida-de-nacimiento","status":"publish","type":"product","link":"https:\/\/certradis.com\/es-pe\/product\/partida-de-nacimiento\/","title":{"rendered":"Partida de nacimiento"},"content":{"rendered":"<h2><span class=\"NormalTextRun SCXW118297217 BCX0\">Traducci\u00f3n <\/span><span class=\"NormalTextRun SCXW118297217 BCX0\">c<\/span><span class=\"NormalTextRun SCXW118297217 BCX0\">ertificada de partida <\/span><span class=\"NormalTextRun SCXW118297217 BCX0\">de <\/span><span class=\"NormalTextRun SCXW118297217 BCX0\">n<\/span><span class=\"NormalTextRun SCXW118297217 BCX0\">acimiento<\/span><\/h2>\n<p><strong><span class=\"TextRun SCXW59587369 BCX0\" lang=\"ES-MX\" xml:lang=\"ES-MX\" data-contrast=\"auto\"><span class=\"NormalTextRun SCXW59587369 BCX0\">La <\/span><\/span><span class=\"TextRun SCXW59587369 BCX0\" lang=\"ES-MX\" xml:lang=\"ES-MX\" data-contrast=\"auto\"><span class=\"NormalTextRun SCXW59587369 BCX0\">traducci\u00f3n certificada de una partida de nacimiento<\/span><\/span><\/strong><span class=\"TextRun SCXW59587369 BCX0\" lang=\"ES-MX\" xml:lang=\"ES-MX\" data-contrast=\"auto\"><span class=\"NormalTextRun SCXW59587369 BCX0\"> es indispensable para tr\u00e1mites legales, migratorios y administrativos <\/span><\/span>tanto en tu pa\u00eds como en el extranjero. Ofrecemos traducciones oficiales realizadas por traductores acreditados, con validez para su presentaci\u00f3n ante organismos p\u00fablicos y privados en distintos pa\u00edses.<\/p>\n<p>Este tipo de traducci\u00f3n tambi\u00e9n puede denominarse como \u201ctraducci\u00f3n jurada\u201d, \u201ctraducci\u00f3n oficial\u201d o \u201ctraducci\u00f3n p\u00fablica\u201d, dependiendo del pa\u00eds y de los requisitos de la entidad que la solicite.<\/p>\n<p>La <strong>partida de nacimiento<\/strong> es un documento fundamental que acredita la identidad de una persona desde su nacimiento. Incluye informaci\u00f3n clave como nombre completo, fecha y lugar de nacimiento, y datos de los padres. Es emitido por una autoridad oficial, generalmente el registro civil del pa\u00eds de origen, y es necesario para una amplia variedad de tr\u00e1mites.<\/p>\n<p>Entre los usos m\u00e1s habituales de la partida de nacimiento se encuentran la obtenci\u00f3n de documentos de identidad, inscripciones educativas, solicitudes de pasaporte y otros procedimientos administrativos. Tambi\u00e9n es esencial en procesos como matrimonio, adopci\u00f3n o validaci\u00f3n de nacionalidad.<\/p>\n<p>Nuestra <strong>traducci\u00f3n certificada<\/strong> garantiza que este documento conserve su validez y precisi\u00f3n al ser presentado en otro idioma, asegurando que toda la informaci\u00f3n relevante est\u00e9 correctamente reflejada.<\/p>\n<h2><span class=\"NormalTextRun SCXW13312218 BCX0\">\u00bfQu\u00e9 es una <\/span><span class=\"NormalTextRun SCXW13312218 BCX0\">t<\/span><span class=\"NormalTextRun SCXW13312218 BCX0\">raducci\u00f3n <\/span><span class=\"NormalTextRun SCXW13312218 BCX0\">c<\/span><span class=\"NormalTextRun SCXW13312218 BCX0\">ertificada de partida <\/span><span class=\"NormalTextRun SCXW13312218 BCX0\">de <\/span><span class=\"NormalTextRun SCXW13312218 BCX0\">n<\/span><span class=\"NormalTextRun SCXW13312218 BCX0\">acimiento?<\/span><\/h2>\n<p>Una <strong>traducci\u00f3n certificada<\/strong> es realizada por un traductor autorizado o acreditado, quien firma y certifica la traducci\u00f3n para garantizar su exactitud. Este tipo de certificaci\u00f3n es necesario para que el documento sea aceptado por autoridades, instituciones educativas, organismos internacionales y otras entidades oficiales.<\/p>\n<h2>\u00bfCu\u00e1ndo necesitas una traducci\u00f3n certificada de tu partida de nacimiento?<\/h2>\n<p><span data-contrast=\"auto\">Algunas situaciones donde es indispensable una traducci\u00f3n certificada son:<\/span><\/p>\n<ul>\n<li><b><span data-contrast=\"auto\">Tr\u00e1mites migratorios<\/span><\/b><span data-contrast=\"auto\">: Al solicitar visas o residencias, las autoridades migratorias exigen traducciones certificadas de documentos como la partida de nacimiento.<\/span><\/li>\n<li><b><span data-contrast=\"auto\">Procesos de naturalizaci\u00f3n<\/span><\/b><span data-contrast=\"auto\"> u obtenci\u00f3n de nacionalidad: Para obtener la nacionalidad en otro pa\u00eds, las traducciones certificadas de documentos personales son parte del tr\u00e1mite.<\/span><\/li>\n<li><b><span data-contrast=\"auto\">Estudios en el extranjero<\/span><\/b><span data-contrast=\"auto\">: Universidades e instituciones educativas requieren la traducci\u00f3n certificada de partidas de nacimiento para inscripciones y validaci\u00f3n de estudios.<\/span><\/li>\n<li><b><span data-contrast=\"auto\">Registro de matrimonios o adopciones<\/span><\/b><span data-contrast=\"auto\">: Si te casas en otro pa\u00eds o con un extranjero en Per\u00fa, o si participas en procesos de adopci\u00f3n, te solicitar\u00e1n una traducci\u00f3n certificada de tu partida de nacimiento.<\/span><\/li>\n<\/ul>\n<h2>Apostilla y legalizaci\u00f3n<\/h2>\n<p><span data-contrast=\"auto\">Cuando se presenta la <\/span><b><span data-contrast=\"auto\">traducci\u00f3n certificada<\/span><\/b> <b><span data-contrast=\"auto\">de una partida de nacimiento<\/span><\/b><span data-contrast=\"auto\"> y algunos otros documentos en el extranjero, algunos pa\u00edses exigen una <\/span><b><span data-contrast=\"auto\">apostilla<\/span><\/b><span data-contrast=\"auto\"> o legalizaci\u00f3n adicional. La <\/span><b><span data-contrast=\"auto\">apostilla<\/span><\/b><span data-contrast=\"auto\"> valida la autenticidad de documentos p\u00fablicos, como las actas de nacimiento, para ser usados en pa\u00edses que forman parte del Convenio de La Haya.<\/span><\/p>\n<p><span data-contrast=\"auto\">En <\/span><b><span data-contrast=\"auto\">Certradis<\/span><\/b><span data-contrast=\"auto\">, te orientamos sobre los pasos a seguir para garantizar que tu traducci\u00f3n cumpla con todos los requisitos legales. Si necesitas una apostilla, debes dirigirte a la autoridad emisora del documento en cuesti\u00f3n. Es recomendable confirmar los requisitos espec\u00edficos con la entidad que solicita la documentaci\u00f3n.<\/span><\/p>\n<p><span data-contrast=\"auto\">Por supuesto, ofrecemos el servicio de traducci\u00f3n certificada de tu apostilla, si as\u00ed lo requiere tu tr\u00e1mite.<\/span><\/p>\n<h2>Nuestro compromiso<\/h2>\n<p>En Certradis trabajamos con traductores certificados con experiencia en documentaci\u00f3n oficial, garantizando traducciones precisas, claras y adaptadas a los requisitos de cada tipo de tr\u00e1mite.<\/p>\n<p>Nuestro objetivo es que puedas presentar tus documentos con total seguridad, cumpliendo con los est\u00e1ndares exigidos por las autoridades y entidades correspondientes.<\/p>\n","protected":false},"excerpt":{"rendered":"<p>Traducci\u00f3n certificada de partidas de nacimiento con validez oficial para tr\u00e1mites en el extranjero o ante organismos p\u00fablicos y privados.<\/p>\n","protected":false},"featured_media":9679,"template":"","meta":[],"product_brand":[],"product_cat":[132],"product_tag":[],"class_list":{"0":"post-9678","1":"product","2":"type-product","3":"status-publish","4":"has-post-thumbnail","6":"product_cat-uncategorized-es-pe","7":"image-hover-transition-effect","9":"first","10":"instock","11":"taxable","12":"shipping-taxable","13":"purchasable","14":"product-type-simple"},"yoast_head":"<!-- This site is optimized with the Yoast SEO plugin v27.4 - https:\/\/yoast.com\/product\/yoast-seo-wordpress\/ -->\n<title>Traducci\u00f3n Certificada de Partida de Nacimiento | Certradis<\/title>\n<meta name=\"description\" content=\"Traducci\u00f3n certificada de partidas de nacimiento con validez oficial para tr\u00e1mites en el extranjero o ante organismos p\u00fablicos y privados.\" \/>\n<meta name=\"robots\" content=\"index, follow, max-snippet:-1, max-image-preview:large, max-video-preview:-1\" \/>\n<link rel=\"canonical\" href=\"https:\/\/certradis.com\/es-pe\/product\/partida-de-nacimiento\/\" \/>\n<meta property=\"og:locale\" content=\"es_ES\" \/>\n<meta property=\"og:type\" content=\"article\" \/>\n<meta property=\"og:title\" content=\"Traducci\u00f3n Certificada de Partida de Nacimiento | Certradis\" \/>\n<meta property=\"og:description\" content=\"Traducci\u00f3n certificada de partidas de nacimiento con validez oficial para tr\u00e1mites en el extranjero o ante organismos p\u00fablicos y privados.\" \/>\n<meta property=\"og:url\" content=\"https:\/\/certradis.com\/es-pe\/product\/partida-de-nacimiento\/\" \/>\n<meta property=\"og:site_name\" content=\"Certradis\" \/>\n<meta property=\"article:modified_time\" content=\"2026-04-17T15:40:48+00:00\" \/>\n<meta property=\"og:image\" content=\"https:\/\/certradis.com\/wp-content\/uploads\/2024\/07\/acta_nacimiento.png\" \/>\n\t<meta property=\"og:image:width\" content=\"512\" \/>\n\t<meta property=\"og:image:height\" content=\"512\" \/>\n\t<meta property=\"og:image:type\" content=\"image\/png\" \/>\n<meta name=\"twitter:card\" content=\"summary_large_image\" \/>\n<meta name=\"twitter:label1\" content=\"Est. reading time\" \/>\n\t<meta name=\"twitter:data1\" content=\"3 minutos\" \/>\n<!-- \/ Yoast SEO plugin. -->","yoast_head_json":{"title":"Traducci\u00f3n Certificada de Partida de Nacimiento | Certradis","description":"Traducci\u00f3n certificada de partidas de nacimiento con validez oficial para tr\u00e1mites en el extranjero o ante organismos p\u00fablicos y privados.","robots":{"index":"index","follow":"follow","max-snippet":"max-snippet:-1","max-image-preview":"max-image-preview:large","max-video-preview":"max-video-preview:-1"},"canonical":"https:\/\/certradis.com\/es-pe\/product\/partida-de-nacimiento\/","og_locale":"es_ES","og_type":"article","og_title":"Traducci\u00f3n Certificada de Partida de Nacimiento | Certradis","og_description":"Traducci\u00f3n certificada de partidas de nacimiento con validez oficial para tr\u00e1mites en el extranjero o ante organismos p\u00fablicos y privados.","og_url":"https:\/\/certradis.com\/es-pe\/product\/partida-de-nacimiento\/","og_site_name":"Certradis","article_modified_time":"2026-04-17T15:40:48+00:00","og_image":[{"width":512,"height":512,"url":"https:\/\/certradis.com\/wp-content\/uploads\/2024\/07\/acta_nacimiento.png","type":"image\/png"}],"twitter_card":"summary_large_image","twitter_misc":{"Est. reading time":"3 minutos"},"schema":{"@context":"https:\/\/schema.org","@graph":[{"@type":"WebPage","@id":"https:\/\/certradis.com\/es-pe\/product\/partida-de-nacimiento\/","url":"https:\/\/certradis.com\/es-pe\/product\/partida-de-nacimiento\/","name":"Traducci\u00f3n Certificada de Partida de Nacimiento | Certradis","isPartOf":{"@id":"https:\/\/certradis.com\/es-pe\/#website"},"primaryImageOfPage":{"@id":"https:\/\/certradis.com\/es-pe\/product\/partida-de-nacimiento\/#primaryimage"},"image":{"@id":"https:\/\/certradis.com\/es-pe\/product\/partida-de-nacimiento\/#primaryimage"},"thumbnailUrl":"https:\/\/certradis.com\/wp-content\/uploads\/2024\/07\/acta_nacimiento.png","datePublished":"2024-07-10T18:17:44+00:00","dateModified":"2026-04-17T15:40:48+00:00","description":"Traducci\u00f3n certificada de partidas de nacimiento con validez oficial para tr\u00e1mites en el extranjero o ante organismos p\u00fablicos y privados.","breadcrumb":{"@id":"https:\/\/certradis.com\/es-pe\/product\/partida-de-nacimiento\/#breadcrumb"},"inLanguage":"es-PE","potentialAction":[{"@type":"ReadAction","target":["https:\/\/certradis.com\/es-pe\/product\/partida-de-nacimiento\/"]}]},{"@type":"ImageObject","inLanguage":"es-PE","@id":"https:\/\/certradis.com\/es-pe\/product\/partida-de-nacimiento\/#primaryimage","url":"https:\/\/certradis.com\/wp-content\/uploads\/2024\/07\/acta_nacimiento.png","contentUrl":"https:\/\/certradis.com\/wp-content\/uploads\/2024\/07\/acta_nacimiento.png","width":512,"height":512},{"@type":"BreadcrumbList","@id":"https:\/\/certradis.com\/es-pe\/product\/partida-de-nacimiento\/#breadcrumb","itemListElement":[{"@type":"ListItem","position":1,"name":"Home","item":"https:\/\/certradis.com\/es-pe\/"},{"@type":"ListItem","position":2,"name":"Tienda","item":"https:\/\/certradis.com\/es-pe\/tienda\/"},{"@type":"ListItem","position":3,"name":"Partida de nacimiento"}]},{"@type":"WebSite","@id":"https:\/\/certradis.com\/es-pe\/#website","url":"https:\/\/certradis.com\/es-pe\/","name":"Peritos Traductores","description":"","publisher":{"@id":"https:\/\/certradis.com\/es-pe\/#organization"},"potentialAction":[{"@type":"SearchAction","target":{"@type":"EntryPoint","urlTemplate":"https:\/\/certradis.com\/es-pe\/?s={search_term_string}"},"query-input":{"@type":"PropertyValueSpecification","valueRequired":true,"valueName":"search_term_string"}}],"inLanguage":"es-PE"},{"@type":"Organization","@id":"https:\/\/certradis.com\/es-pe\/#organization","name":"Peritos Traductores","url":"https:\/\/certradis.com\/es-pe\/","logo":{"@type":"ImageObject","inLanguage":"es-PE","@id":"https:\/\/certradis.com\/es-pe\/#\/schema\/logo\/image\/","url":"https:\/\/certradis.com\/wp-content\/uploads\/2026\/04\/Logo_Certradis-scaled.png","contentUrl":"https:\/\/certradis.com\/wp-content\/uploads\/2026\/04\/Logo_Certradis-scaled.png","width":2560,"height":2495,"caption":"Peritos Traductores"},"image":{"@id":"https:\/\/certradis.com\/es-pe\/#\/schema\/logo\/image\/"}}]}},"_links":{"self":[{"href":"https:\/\/certradis.com\/es-pe\/wp-json\/wp\/v2\/product\/9678","targetHints":{"allow":["GET"]}}],"collection":[{"href":"https:\/\/certradis.com\/es-pe\/wp-json\/wp\/v2\/product"}],"about":[{"href":"https:\/\/certradis.com\/es-pe\/wp-json\/wp\/v2\/types\/product"}],"wp:featuredmedia":[{"embeddable":true,"href":"https:\/\/certradis.com\/es-pe\/wp-json\/wp\/v2\/media\/9679"}],"wp:attachment":[{"href":"https:\/\/certradis.com\/es-pe\/wp-json\/wp\/v2\/media?parent=9678"}],"wp:term":[{"taxonomy":"product_brand","embeddable":true,"href":"https:\/\/certradis.com\/es-pe\/wp-json\/wp\/v2\/product_brand?post=9678"},{"taxonomy":"product_cat","embeddable":true,"href":"https:\/\/certradis.com\/es-pe\/wp-json\/wp\/v2\/product_cat?post=9678"},{"taxonomy":"product_tag","embeddable":true,"href":"https:\/\/certradis.com\/es-pe\/wp-json\/wp\/v2\/product_tag?post=9678"}],"curies":[{"name":"wp","href":"https:\/\/api.w.org\/{rel}","templated":true}]}}