{"id":10163,"date":"2024-07-10T18:45:33","date_gmt":"2024-07-11T00:45:33","guid":{"rendered":"http:\/\/peritostraductores.idiscit.com\/preguntas-frecuentes\/"},"modified":"2026-04-20T19:43:05","modified_gmt":"2026-04-21T01:43:05","slug":"preguntas-frecuentes","status":"publish","type":"page","link":"https:\/\/certradis.com\/es-co\/preguntas-frecuentes\/","title":{"rendered":"Preguntas frecuentes"},"content":{"rendered":"\t\t<div data-elementor-type=\"wp-page\" data-elementor-id=\"10163\" class=\"elementor elementor-10163 elementor-417\">\n\t\t\t\t<div class=\"elementor-element elementor-element-bcb630c e-grid e-con-boxed e-con e-parent\" data-id=\"bcb630c\" data-element_type=\"container\" data-e-type=\"container\">\n\t\t\t\t\t<div class=\"e-con-inner\">\n\t\t\t\t<div class=\"elementor-element elementor-element-482323f elementor-widget elementor-widget-heading\" data-id=\"482323f\" data-element_type=\"widget\" data-e-type=\"widget\" data-widget_type=\"heading.default\">\n\t\t\t\t<div class=\"elementor-widget-container\">\n\t\t\t\t\t<h1 class=\"elementor-heading-title elementor-size-default\">Preguntas frecuentes<\/h1>\t\t\t\t<\/div>\n\t\t\t\t<\/div>\n\t\t\t\t\t<\/div>\n\t\t\t\t<\/div>\n\t\t<div class=\"elementor-element elementor-element-b9ed40b e-flex e-con-boxed e-con e-parent\" data-id=\"b9ed40b\" data-element_type=\"container\" data-e-type=\"container\">\n\t\t\t\t\t<div class=\"e-con-inner\">\n\t\t\t\t<div class=\"elementor-element elementor-element-0e17386 elementor-widget elementor-widget-eael-adv-accordion\" data-id=\"0e17386\" data-element_type=\"widget\" data-e-type=\"widget\" data-widget_type=\"eael-adv-accordion.default\">\n\t\t\t\t<div class=\"elementor-widget-container\">\n\t\t\t\t\t            <div class=\"eael-adv-accordion\" id=\"eael-adv-accordion-0e17386\" data-scroll-on-click=\"\" data-scroll-speed=\"300\" data-accordion-id=\"0e17386\" data-accordion-type=\"accordion\" data-toogle-speed=\"300\">\n            <div class=\"eael-accordion-list\">\n\t\t\t\t\t<div id=\"qu-es-una-apostilla-y-quin-la-emite\" class=\"elementor-tab-title eael-accordion-header\" tabindex=\"0\" data-tab=\"1\" aria-controls=\"elementor-tab-content-1471\"><h2 class=\"eael-accordion-tab-title\">\u00bfQu\u00e9 es una apostilla y qui\u00e9n la emite?<\/h2><svg aria-hidden=\"true\" class=\"fa-toggle e-font-icon-svg e-fas-angle-right\" viewBox=\"0 0 256 512\" xmlns=\"http:\/\/www.w3.org\/2000\/svg\"><path d=\"M224.3 273l-136 136c-9.4 9.4-24.6 9.4-33.9 0l-22.6-22.6c-9.4-9.4-9.4-24.6 0-33.9l96.4-96.4-96.4-96.4c-9.4-9.4-9.4-24.6 0-33.9L54.3 103c9.4-9.4 24.6-9.4 33.9 0l136 136c9.5 9.4 9.5 24.6.1 34z\"><\/path><\/svg><\/div><div id=\"elementor-tab-content-1471\" class=\"eael-accordion-content clearfix\" data-tab=\"1\" aria-labelledby=\"qu-es-una-apostilla-y-quin-la-emite\"><p><\/p>\n<blockquote class=\"wp-block-quote is-layout-flow wp-block-quote-is-layout-flow\">\n<h3 style=\"font-size: 20px\"><strong>\u00bfQu\u00e9 es una apostilla?<\/strong><\/h3>\n<p>Una <strong>apostilla<\/strong> es un certificado que autentica la validez de un documento oficial para que sea reconocido en otro pa\u00eds que forma parte del <strong>Convenio de La Haya<\/strong>. El proceso de emisi\u00f3n de apostillas var\u00eda seg\u00fan el pa\u00eds y el tipo de documento, y normalmente es realizado por la autoridad competente designada en la jurisdicci\u00f3n donde fue emitido el documento. Esta autoridad puede ser un organismo gubernamental, una canciller\u00eda, un ministerio o una entidad administrativa autorizada para tal fin.<\/p>\n<p>En <strong>Colombia<\/strong>, la apostilla de documentos p\u00fablicos es emitida por el <strong>Ministerio de Relaciones Exteriores<\/strong>. Este tr\u00e1mite aplica a documentos como registros civiles, certificados acad\u00e9micos, documentos notariales y otros documentos oficiales que deban surtir efectos en el extranjero. En muchos casos, el proceso puede realizarse en l\u00ednea a trav\u00e9s de la plataforma oficial de la Canciller\u00eda.<\/p>\n<p>En Estados Unidos, los documentos emitidos a nivel estatal (certificados de nacimiento, matrimonio, o t\u00edtulos educativos) son apostillados por el Departamento de Estado del estado correspondiente. Los documentos federales (como registros del FBI o documentos emitidos por agencias federales) los tramita el Departamento de Estado de los EE.UU.<\/p>\n<p><a href=\"https:\/\/www.international.gc.ca\/gac-amc\/about-a_propos\/services\/authentication-authentification\/apostille-convention.aspx?lang=eng\" target=\"_blank\" rel=\"noopener\"><strong>En este enlace<\/strong><\/a> encontrar\u00e1s informaci\u00f3n esencial sobre los cambios en la autenticaci\u00f3n de documentos canadienses tras la entrada en vigor de la Convenci\u00f3n de Apostilla el 11 de enero de 2024, que incluye c\u00f3mo obtener una apostilla, a d\u00f3nde enviar tus documentos seg\u00fan la provincia, y las pautas para el uso de documentos canadienses en pa\u00edses que no son parte de la Convenci\u00f3n.<\/p>\n<h3 style=\"font-size: 20px\"><strong>\u00bfPueden encargarse de tramitar mi apostilla?<\/strong><\/h3>\n<p>No tramitamos apostillas, ya que es un proceso que involucra diferentes instancias, dependiendo del tipo de documento y el pa\u00eds emisor. Sin embargo, si necesitas orientaci\u00f3n sobre c\u00f3mo proceder, no dudes en contactarnos. En <strong>Certradis<\/strong>, te ayudaremos a identificar la <strong>autoridad competente<\/strong> para realizar el tr\u00e1mite y los pasos generales que debes seguir.<\/p>\n<h3 style=\"font-size: 20px\"><strong>\u00bfMi documento necesita apostilla?<\/strong><\/h3>\n<p>No todos los documentos necesitan apostilla. Solo aquellos que se utilizar\u00e1n en pa\u00edses que forman parte de la Convenci\u00f3n de La Haya requieren apostilla. En otros casos, puede ser necesario un proceso de legalizaci\u00f3n. Si no est\u00e1s seguro de si tu documento necesita apostilla, te sugerimos consultar con la autoridad correspondiente o contactarnos para recibir orientaci\u00f3n.<\/p>\n<h3 style=\"font-size: 20px\"><strong>\u00bfPuedo hacer la apostilla en l\u00ednea?<\/strong><\/h3>\n<p>En algunos casos, es posible realizar el tr\u00e1mite de apostilla en l\u00ednea, pero esto depende de la <strong>autoridad que emiti\u00f3 el documento<\/strong> y de las normas del pa\u00eds correspondiente. Para ciertos documentos, el tr\u00e1mite puede requerir asistencia presencial, especialmente cuando se trata de documentos emitidos por autoridades locales o instituciones espec\u00edficas. Te recomendamos verificar directamente con la autoridad competente antes de iniciar el tr\u00e1mite.<\/p><\/blockquote>\n<p><\/p>\n<\/div>\n\t\t\t\t\t<\/div><div class=\"eael-accordion-list\">\n\t\t\t\t\t<div id=\"qu-es-un-traductor-oficial-autorizado-o-certificado\" class=\"elementor-tab-title eael-accordion-header\" tabindex=\"0\" data-tab=\"2\" aria-controls=\"elementor-tab-content-1472\"><h2 class=\"eael-accordion-tab-title\">\u00bfQu\u00e9 es un traductor oficial, autorizado o certificado?<\/h2><svg aria-hidden=\"true\" class=\"fa-toggle e-font-icon-svg e-fas-angle-right\" viewBox=\"0 0 256 512\" xmlns=\"http:\/\/www.w3.org\/2000\/svg\"><path d=\"M224.3 273l-136 136c-9.4 9.4-24.6 9.4-33.9 0l-22.6-22.6c-9.4-9.4-9.4-24.6 0-33.9l96.4-96.4-96.4-96.4c-9.4-9.4-9.4-24.6 0-33.9L54.3 103c9.4-9.4 24.6-9.4 33.9 0l136 136c9.5 9.4 9.5 24.6.1 34z\"><\/path><\/svg><\/div><div id=\"elementor-tab-content-1472\" class=\"eael-accordion-content clearfix\" data-tab=\"2\" aria-labelledby=\"qu-es-un-traductor-oficial-autorizado-o-certificado\"><p><\/p>\n<blockquote class=\"wp-block-quote is-layout-flow wp-block-quote-is-layout-flow\">\n<p>Un <strong>traductor oficial <\/strong>es un profesional altamente cualificado autorizado para realizar traducciones con validez oficial.<\/p>\n<p>Estos profesionales est\u00e1n facultados para realizar <strong>traducciones oficiales <\/strong>que pueden ser reconocidas por instituciones tanto gubernamentales como privadas, a nivel nacional e internacional.<\/p>\n<p>Nuestros expertos se comprometen a ofrecer la m\u00e1xima calidad y precisi\u00f3n en cada traducci\u00f3n, asegurando que todos tus documentos cumplan con los requisitos formales y est\u00e9n listos para cualquier tr\u00e1mite.<\/p>\n<\/blockquote>\n<p><\/p>\n<\/div>\n\t\t\t\t\t<\/div><div class=\"eael-accordion-list\">\n\t\t\t\t\t<div id=\"cunto-tarda-una-traduccin\" class=\"elementor-tab-title eael-accordion-header\" tabindex=\"0\" data-tab=\"3\" aria-controls=\"elementor-tab-content-1473\"><h2 class=\"eael-accordion-tab-title\">\u00bfCu\u00e1nto tarda una traducci\u00f3n?<\/h2><svg aria-hidden=\"true\" class=\"fa-toggle e-font-icon-svg e-fas-angle-right\" viewBox=\"0 0 256 512\" xmlns=\"http:\/\/www.w3.org\/2000\/svg\"><path d=\"M224.3 273l-136 136c-9.4 9.4-24.6 9.4-33.9 0l-22.6-22.6c-9.4-9.4-9.4-24.6 0-33.9l96.4-96.4-96.4-96.4c-9.4-9.4-9.4-24.6 0-33.9L54.3 103c9.4-9.4 24.6-9.4 33.9 0l136 136c9.5 9.4 9.5 24.6.1 34z\"><\/path><\/svg><\/div><div id=\"elementor-tab-content-1473\" class=\"eael-accordion-content clearfix\" data-tab=\"3\" aria-labelledby=\"cunto-tarda-una-traduccin\"><p><\/p>\n<blockquote class=\"wp-block-quote is-layout-flow wp-block-quote-is-layout-flow\"><p>El plazo est\u00e1ndar para la entrega digital de nuestras traducciones certificadas es <strong>durante el transcurso del siguiente d\u00eda h\u00e1bil<\/strong>.<\/p>\n<p>Si <span>la confirmaci\u00f3n del pago llega antes de las 12:00 del mediod\u00eda<\/span>\u00a0en un d\u00eda h\u00e1bil (<strong>lunes a viernes, no festivos<\/strong>), la entrega digital se realizar\u00e1 durante el transcurso del siguiente d\u00eda h\u00e1bil.<\/p>\n<h3 style=\"font-size: 20px\"><strong>\u00bfC\u00f3mo funciona?<\/strong><\/h3>\n<ul>\n<li><strong>Pagos con tarjeta (cr\u00e9dito o d\u00e9bito)<\/strong>: La confirmaci\u00f3n suele recibirse en aproximadamente <strong>10 minutos<\/strong>. El plazo de entrega comienza a contar a partir del momento en que recibes el correo de confirmaci\u00f3n de pago.<\/li>\n<li><strong>D\u00edas festivos o fines de semana<\/strong>: Si el pago se confirma antes o durante un d\u00eda festivo, el plazo se ajustar\u00e1 al siguiente d\u00eda h\u00e1bil.<\/li>\n<\/ul>\n<\/blockquote>\n<p><\/p>\n<\/div>\n\t\t\t\t\t<\/div><div class=\"eael-accordion-list\">\n\t\t\t\t\t<div id=\"cmo-recibo-mis-traducciones\" class=\"elementor-tab-title eael-accordion-header\" tabindex=\"0\" data-tab=\"4\" aria-controls=\"elementor-tab-content-1474\"><h2 class=\"eael-accordion-tab-title\">\u00bfC\u00f3mo recibo mis traducciones?<\/h2><svg aria-hidden=\"true\" class=\"fa-toggle e-font-icon-svg e-fas-angle-right\" viewBox=\"0 0 256 512\" xmlns=\"http:\/\/www.w3.org\/2000\/svg\"><path d=\"M224.3 273l-136 136c-9.4 9.4-24.6 9.4-33.9 0l-22.6-22.6c-9.4-9.4-9.4-24.6 0-33.9l96.4-96.4-96.4-96.4c-9.4-9.4-9.4-24.6 0-33.9L54.3 103c9.4-9.4 24.6-9.4 33.9 0l136 136c9.5 9.4 9.5 24.6.1 34z\"><\/path><\/svg><\/div><div id=\"elementor-tab-content-1474\" class=\"eael-accordion-content clearfix\" data-tab=\"4\" aria-labelledby=\"cmo-recibo-mis-traducciones\"><p><\/p>\n<blockquote class=\"wp-block-quote is-layout-flow wp-block-quote-is-layout-flow\"><p>Recibir\u00e1s directamente a tu correo electr\u00f3nico tus traducciones en formato digital (PDF) de manera r\u00e1pida y segura.<\/p><\/blockquote>\n<p><\/p>\n<\/div>\n\t\t\t\t\t<\/div><div class=\"eael-accordion-list\">\n\t\t\t\t\t<div id=\"qu-documentos-necesitan-traduccin-oficial\" class=\"elementor-tab-title eael-accordion-header\" tabindex=\"0\" data-tab=\"5\" aria-controls=\"elementor-tab-content-1475\"><h2 class=\"eael-accordion-tab-title\">\u00bfQu\u00e9 documentos necesitan traducci\u00f3n oficial?<\/h2><svg aria-hidden=\"true\" class=\"fa-toggle e-font-icon-svg e-fas-angle-right\" viewBox=\"0 0 256 512\" xmlns=\"http:\/\/www.w3.org\/2000\/svg\"><path d=\"M224.3 273l-136 136c-9.4 9.4-24.6 9.4-33.9 0l-22.6-22.6c-9.4-9.4-9.4-24.6 0-33.9l96.4-96.4-96.4-96.4c-9.4-9.4-9.4-24.6 0-33.9L54.3 103c9.4-9.4 24.6-9.4 33.9 0l136 136c9.5 9.4 9.5 24.6.1 34z\"><\/path><\/svg><\/div><div id=\"elementor-tab-content-1475\" class=\"eael-accordion-content clearfix\" data-tab=\"5\" aria-labelledby=\"qu-documentos-necesitan-traduccin-oficial\"><p><\/p>\n<blockquote class=\"wp-block-quote is-layout-flow wp-block-quote-is-layout-flow\">\n<p>Diversos documentos requieren <strong>traducci\u00f3n oficial<\/strong> para ser v\u00e1lidos ante autoridades y organismos oficiales. Estos incluyen, pero no se limitan a:<\/p>\n<p><strong>Documentos oficiales:<\/strong> Registros civiles de nacimiento, matrimonio y defunci\u00f3n, certificados de antecedentes judiciales o penales.<br \/><strong>Documentos acad\u00e9micos:<\/strong> Diplomas, certificados de estudios, historial acad\u00e9mico.<br \/><strong>Documentos jur\u00eddicos:<\/strong> Contratos, poderes notariales, testamentos, escrituras.<br \/><strong>Documentos corporativos:<\/strong> Informes financieros, manuales de procedimientos, documentos de propiedad intelectual.<\/p>\n<p>Estos documentos suelen necesitar traducci\u00f3n oficial para tr\u00e1mites migratorios, legales, acad\u00e9micos y comerciales tanto a nivel nacional como internacional.<\/p>\n<\/blockquote>\n<p><\/p>\n<\/div>\n\t\t\t\t\t<\/div><div class=\"eael-accordion-list\">\n\t\t\t\t\t<div id=\"ofrecen-descuentos-por-volumen\" class=\"elementor-tab-title eael-accordion-header\" tabindex=\"0\" data-tab=\"6\" aria-controls=\"elementor-tab-content-1476\"><h2 class=\"eael-accordion-tab-title\">\u00bfOfrecen descuentos por volumen?<\/h2><svg aria-hidden=\"true\" class=\"fa-toggle e-font-icon-svg e-fas-angle-right\" viewBox=\"0 0 256 512\" xmlns=\"http:\/\/www.w3.org\/2000\/svg\"><path d=\"M224.3 273l-136 136c-9.4 9.4-24.6 9.4-33.9 0l-22.6-22.6c-9.4-9.4-9.4-24.6 0-33.9l96.4-96.4-96.4-96.4c-9.4-9.4-9.4-24.6 0-33.9L54.3 103c9.4-9.4 24.6-9.4 33.9 0l136 136c9.5 9.4 9.5 24.6.1 34z\"><\/path><\/svg><\/div><div id=\"elementor-tab-content-1476\" class=\"eael-accordion-content clearfix\" data-tab=\"6\" aria-labelledby=\"ofrecen-descuentos-por-volumen\"><p><\/p>\n<blockquote class=\"wp-block-quote is-layout-flow wp-block-quote-is-layout-flow\"><p>S\u00ed, valoramos a nuestros clientes y entendemos que los grandes proyectos requieren un manejo especial.<\/p>\n<p>Ofrecemos descuentos significativos en proyectos que superan las 50 cuartillas (equivalente a aproximadamente 10,000 palabras).<\/p>\n<p>Estos descuentos ayudan a reducir costos y hacen que nuestros servicios sean a\u00fan m\u00e1s accesibles para grandes vol\u00famenes de trabajo. Si tienes un proyecto extenso, te invitamos a ponerte en contacto con nosotros para discutir las mejores opciones de precio y entrega.<\/p><\/blockquote>\n<p><\/p>\n<\/div>\n\t\t\t\t\t<\/div><div class=\"eael-accordion-list\">\n\t\t\t\t\t<div id=\"dnde-estn-ubicados\" class=\"elementor-tab-title eael-accordion-header\" tabindex=\"0\" data-tab=\"7\" aria-controls=\"elementor-tab-content-1477\"><h2 class=\"eael-accordion-tab-title\">\u00bfD\u00f3nde est\u00e1n ubicados?<\/h2><svg aria-hidden=\"true\" class=\"fa-toggle e-font-icon-svg e-fas-angle-right\" viewBox=\"0 0 256 512\" xmlns=\"http:\/\/www.w3.org\/2000\/svg\"><path d=\"M224.3 273l-136 136c-9.4 9.4-24.6 9.4-33.9 0l-22.6-22.6c-9.4-9.4-9.4-24.6 0-33.9l96.4-96.4-96.4-96.4c-9.4-9.4-9.4-24.6 0-33.9L54.3 103c9.4-9.4 24.6-9.4 33.9 0l136 136c9.5 9.4 9.5 24.6.1 34z\"><\/path><\/svg><\/div><div id=\"elementor-tab-content-1477\" class=\"eael-accordion-content clearfix\" data-tab=\"7\" aria-labelledby=\"dnde-estn-ubicados\"><p><\/p>\n<blockquote class=\"wp-block-quote is-layout-flow wp-block-quote-is-layout-flow\">\n<blockquote class=\"wp-block-quote\"><p>Nuestro servicio es\u00a0<strong>100% en l\u00ednea<\/strong>, lo que nos permite atenderte sin importar d\u00f3nde te encuentres en cualquier parte del mundo. Operamos con un equipo deslocalizado y garantizamos un servicio \u00e1gil con tiempos de entrega de\u00a0<strong>24 horas h\u00e1biles<\/strong>\u00a0para documentos digitales.<\/p><\/blockquote>\n<p><\/p>\n<blockquote class=\"wp-block-quote\"><p>Los documentos son preparados por\u00a0<strong>traductores oficiales<\/strong>, por lo que cuentan con validez oficial para tr\u00e1mites dentro y fuera del pa\u00eds del que nos contactes.<\/p>\n<p>Con nosotros, puedes tener la confianza de recibir un servicio seguro, r\u00e1pido y confiable.<\/p><\/blockquote>\n<p><\/p><\/blockquote>\n<p><\/p>\n<\/div>\n\t\t\t\t\t<\/div><div class=\"eael-accordion-list\">\n\t\t\t\t\t<div id=\"cmo-puedo-obtener-una-factura-por-mi-compra\" class=\"elementor-tab-title eael-accordion-header\" tabindex=\"0\" data-tab=\"8\" aria-controls=\"elementor-tab-content-1478\"><h2 class=\"eael-accordion-tab-title\">\u00bfC\u00f3mo puedo obtener una factura por mi compra?<\/h2><svg aria-hidden=\"true\" class=\"fa-toggle e-font-icon-svg e-fas-angle-right\" viewBox=\"0 0 256 512\" xmlns=\"http:\/\/www.w3.org\/2000\/svg\"><path d=\"M224.3 273l-136 136c-9.4 9.4-24.6 9.4-33.9 0l-22.6-22.6c-9.4-9.4-9.4-24.6 0-33.9l96.4-96.4-96.4-96.4c-9.4-9.4-9.4-24.6 0-33.9L54.3 103c9.4-9.4 24.6-9.4 33.9 0l136 136c9.5 9.4 9.5 24.6.1 34z\"><\/path><\/svg><\/div><div id=\"elementor-tab-content-1478\" class=\"eael-accordion-content clearfix\" data-tab=\"8\" aria-labelledby=\"cmo-puedo-obtener-una-factura-por-mi-compra\"><p><\/p>\n<blockquote class=\"wp-block-quote is-layout-flow wp-block-quote-is-layout-flow\">\n<p>Si necesitas una <strong>factura electr\u00f3nica<\/strong> por tu compra, ahora puedes solicitarla de forma muy sencilla. Solo tienes que enviar un correo electr\u00f3nico a <strong><a class=\"decorated-link cursor-pointer\" href=\"mailto:info@certradis.com\" rel=\"noopener\">info@certradis.com<\/a><\/strong> una vez realizado tu pedido.<\/p>\n<p>En ese correo, por favor incluye:<\/p>\n<ol>\n<li>En el asunto, el n\u00famero del pedido que deseas facturar.<\/li>\n<li>En el cuerpo del mensaje, el uso que se le dar\u00e1 al comprobante y tus <strong>datos de facturaci\u00f3n<\/strong>:<\/li>\n<\/ol>\n<ul>\n<li>NIT o identificaci\u00f3n tributaria<\/li>\n<li>Nombre o raz\u00f3n social<\/li>\n<li>Direcci\u00f3n completa<\/li>\n<li>Ciudad<\/li>\n<li>C\u00f3digo postal (si aplica)<\/li>\n<li>Correo electr\u00f3nico<\/li>\n<li>Responsabilidad fiscal (si aplica)<\/li>\n<li>Forma de pago<\/li>\n<\/ul>\n<p>Si lo prefieres, puedes adjuntar tu <strong>RUT actualizado<\/strong>, en lugar de escribir tus datos de facturaci\u00f3n, lo que nos permitir\u00e1 agilizar el proceso.<\/p>\n<p>Es importante tener en cuenta que la emisi\u00f3n de facturas electr\u00f3nicas est\u00e1 sujeta a la informaci\u00f3n tributaria proporcionada. En caso de no contar con los datos necesarios para emitir una factura con efectos fiscales, podemos proporcionar un <strong>recibo simple o comprobante<\/strong>, si necesitas alg\u00fan documento por tu compra.<\/p>\n<p>Nuestro equipo de facturaci\u00f3n dar\u00e1 seguimiento a tu solicitud a la brevedad.<\/p>\n<\/blockquote>\n<p><\/p>\n<\/div>\n\t\t\t\t\t<\/div><\/div>\t\t\t\t<\/div>\n\t\t\t\t<\/div>\n\t\t\t\t\t<\/div>\n\t\t\t\t<\/div>\n\t\t\t\t<\/div>\n\t\t","protected":false},"excerpt":{"rendered":"<p>Preguntas frecuentes \u00bfQu\u00e9 es una apostilla y qui\u00e9n la emite? \u00bfQu\u00e9 es una apostilla? Una apostilla es un certificado que &hellip; <\/p>\n","protected":false},"author":1,"featured_media":0,"parent":0,"menu_order":0,"comment_status":"closed","ping_status":"closed","template":"elementor_header_footer","meta":{"footnotes":""},"class_list":["post-10163","page","type-page","status-publish","hentry","image-hover-transition-effect"],"yoast_head":"<!-- This site is optimized with the Yoast SEO plugin v27.4 - https:\/\/yoast.com\/product\/yoast-seo-wordpress\/ -->\n<title>Preguntas frecuentes - Certradis - Traducci\u00f3n oficial<\/title>\n<meta name=\"robots\" content=\"index, follow, max-snippet:-1, max-image-preview:large, max-video-preview:-1\" \/>\n<link rel=\"canonical\" href=\"https:\/\/certradis.com\/es-co\/preguntas-frecuentes\/\" \/>\n<meta property=\"og:locale\" content=\"es_ES\" \/>\n<meta property=\"og:type\" content=\"article\" \/>\n<meta property=\"og:title\" content=\"Preguntas frecuentes - Certradis - Traducci\u00f3n oficial\" \/>\n<meta property=\"og:description\" content=\"Preguntas frecuentes \u00bfQu\u00e9 es una apostilla y qui\u00e9n la emite? \u00bfQu\u00e9 es una apostilla? Una apostilla es un certificado que &hellip;\" \/>\n<meta property=\"og:url\" content=\"https:\/\/certradis.com\/es-co\/preguntas-frecuentes\/\" \/>\n<meta property=\"og:site_name\" content=\"Certradis\" \/>\n<meta property=\"article:modified_time\" content=\"2026-04-21T01:43:05+00:00\" \/>\n<meta name=\"twitter:card\" content=\"summary_large_image\" \/>\n<meta name=\"twitter:label1\" content=\"Tiempo de lectura\" \/>\n\t<meta name=\"twitter:data1\" content=\"6 minutos\" \/>\n<!-- \/ Yoast SEO plugin. -->","yoast_head_json":{"title":"Preguntas frecuentes - Certradis - Traducci\u00f3n oficial","robots":{"index":"index","follow":"follow","max-snippet":"max-snippet:-1","max-image-preview":"max-image-preview:large","max-video-preview":"max-video-preview:-1"},"canonical":"https:\/\/certradis.com\/es-co\/preguntas-frecuentes\/","og_locale":"es_ES","og_type":"article","og_title":"Preguntas frecuentes - Certradis - Traducci\u00f3n oficial","og_description":"Preguntas frecuentes \u00bfQu\u00e9 es una apostilla y qui\u00e9n la emite? \u00bfQu\u00e9 es una apostilla? Una apostilla es un certificado que &hellip;","og_url":"https:\/\/certradis.com\/es-co\/preguntas-frecuentes\/","og_site_name":"Certradis","article_modified_time":"2026-04-21T01:43:05+00:00","twitter_card":"summary_large_image","twitter_misc":{"Tiempo de lectura":"6 minutos"},"schema":{"@context":"https:\/\/schema.org","@graph":[{"@type":"WebPage","@id":"https:\/\/certradis.com\/es-co\/preguntas-frecuentes\/","url":"https:\/\/certradis.com\/es-co\/preguntas-frecuentes\/","name":"Preguntas frecuentes - Certradis - Traducci\u00f3n oficial","isPartOf":{"@id":"https:\/\/certradis.com\/es-co\/#website"},"datePublished":"2024-07-11T00:45:33+00:00","dateModified":"2026-04-21T01:43:05+00:00","breadcrumb":{"@id":"https:\/\/certradis.com\/es-co\/preguntas-frecuentes\/#breadcrumb"},"inLanguage":"es-CO","potentialAction":[{"@type":"ReadAction","target":["https:\/\/certradis.com\/es-co\/preguntas-frecuentes\/"]}]},{"@type":"BreadcrumbList","@id":"https:\/\/certradis.com\/es-co\/preguntas-frecuentes\/#breadcrumb","itemListElement":[{"@type":"ListItem","position":1,"name":"Home","item":"https:\/\/certradis.com\/es-co\/"},{"@type":"ListItem","position":2,"name":"Preguntas frecuentes"}]},{"@type":"WebSite","@id":"https:\/\/certradis.com\/es-co\/#website","url":"https:\/\/certradis.com\/es-co\/","name":"Peritos Traductores","description":"","publisher":{"@id":"https:\/\/certradis.com\/es-co\/#organization"},"potentialAction":[{"@type":"SearchAction","target":{"@type":"EntryPoint","urlTemplate":"https:\/\/certradis.com\/es-co\/?s={search_term_string}"},"query-input":{"@type":"PropertyValueSpecification","valueRequired":true,"valueName":"search_term_string"}}],"inLanguage":"es-CO"},{"@type":"Organization","@id":"https:\/\/certradis.com\/es-co\/#organization","name":"Peritos Traductores","url":"https:\/\/certradis.com\/es-co\/","logo":{"@type":"ImageObject","inLanguage":"es-CO","@id":"https:\/\/certradis.com\/es-co\/#\/schema\/logo\/image\/","url":"https:\/\/certradis.com\/wp-content\/uploads\/2026\/04\/Logo_Certradis-scaled.png","contentUrl":"https:\/\/certradis.com\/wp-content\/uploads\/2026\/04\/Logo_Certradis-scaled.png","width":2560,"height":2495,"caption":"Peritos Traductores"},"image":{"@id":"https:\/\/certradis.com\/es-co\/#\/schema\/logo\/image\/"}}]}},"_links":{"self":[{"href":"https:\/\/certradis.com\/es-co\/wp-json\/wp\/v2\/pages\/10163","targetHints":{"allow":["GET"]}}],"collection":[{"href":"https:\/\/certradis.com\/es-co\/wp-json\/wp\/v2\/pages"}],"about":[{"href":"https:\/\/certradis.com\/es-co\/wp-json\/wp\/v2\/types\/page"}],"author":[{"embeddable":true,"href":"https:\/\/certradis.com\/es-co\/wp-json\/wp\/v2\/users\/1"}],"replies":[{"embeddable":true,"href":"https:\/\/certradis.com\/es-co\/wp-json\/wp\/v2\/comments?post=10163"}],"version-history":[{"count":6,"href":"https:\/\/certradis.com\/es-co\/wp-json\/wp\/v2\/pages\/10163\/revisions"}],"predecessor-version":[{"id":10198,"href":"https:\/\/certradis.com\/es-co\/wp-json\/wp\/v2\/pages\/10163\/revisions\/10198"}],"wp:attachment":[{"href":"https:\/\/certradis.com\/es-co\/wp-json\/wp\/v2\/media?parent=10163"}],"curies":[{"name":"wp","href":"https:\/\/api.w.org\/{rel}","templated":true}]}}